{"id":68,"date":"2025-02-25T18:22:05","date_gmt":"2025-02-25T18:22:05","guid":{"rendered":"https:\/\/linebetarab.net\/home-fr\/"},"modified":"2025-03-05T13:00:55","modified_gmt":"2025-03-05T13:00:55","slug":"home","status":"publish","type":"page","link":"https:\/\/linebetarab.net\/fr\/","title":{"rendered":"Sports populaires et jeux de casino en ligne abordables \u00e0 Linebet"},"content":{"rendered":"<p>Il est agr\u00e9able de disposer d&rsquo;outils pratiques pour r\u00e9aliser son hobby. Les fans qui aiment parier sur des sports professionnels ou jouer occasionnellement aux machines \u00e0 sous disposent d&rsquo;une plateforme populaire. Il s&rsquo;agit du site Linebet, qui propose un grand nombre de choses int\u00e9ressantes. M\u00eame sans inscription, vous pouvez consulter la liste compl\u00e8te des sports sur lesquels il est possible de parier. Il y a des coupes locales dans les sports de jeu et les tournois les plus populaires \u2014\u00a0la Coupe du monde de la FIFA, les Jeux olympiques. Vous pouvez \u00e9galement parier sur les cybersports. Linebet inscription\u00a0est soumise \u00e0 des exigences particuli\u00e8res du fait que le site fonctionne sous licence.<\/p>\n<p>Vous ne pouvez jouer sur la plateforme qu&rsquo;en votre nom propre. Vous devez donc disposer d&rsquo;un profil personnel. Mais vous pouvez trouver \u00e0 l&rsquo;avance les r\u00e9ponses \u00e0 des questions potentiellement int\u00e9ressantes. Par exemple, quelles sont les chances de paris en ligne Linebet\u00a0dans votre tournoi pr\u00e9f\u00e9r\u00e9. Vous pouvez ouvrir le casino et utiliser les machines \u00e0 sous en mode d\u00e9mo. Vous pouvez \u00e9galement conna\u00eetre les termes et conditions de tous les cadeaux \u2014\u00a0du bonus de bienvenue au cashback.<\/p>\n<p>En outre, le site propose des statistiques sportives, des retransmissions en direct de matchs sportifs individuels. Les applications de la marque Linebet App\u00a0sont \u00e9galement pr\u00e9sent\u00e9es. Elles peuvent \u00eatre install\u00e9es \u00e0 l&rsquo;avance, m\u00eame avant l&rsquo;inscription.<\/p>\n<p>Collection de sports et de jeux au casino Linebet<\/p>\n<p>De nombreux nouveaux venus sur ce site cherchent \u00e0 savoir o\u00f9 gagner de l&rsquo;argent. Tout d&rsquo;abord, il s&rsquo;agit des sports. L&rsquo;administration accorde Linebet bonus de bienvenue. Il peut \u00eatre r\u00e9alis\u00e9 dans les options de pari suivantes :<\/p>\n<ol>\n<li>Pr\u00e9diction sur la victoire dans un segment s\u00e9par\u00e9 du match, en fonction des r\u00e9sultats du match ou du tournoi.<\/li>\n<li>Pr\u00e9diction sur les statistiques d&rsquo;un match, sur les statistiques d&rsquo;une \u00e9quipe ou d&rsquo;un joueur.<\/li>\n<li>Apr\u00e8s avoir effectu\u00e9 Linebet login, il est possible de faire des paris simples et des express sur certains \u00e9v\u00e9nements.<\/li>\n<\/ol>\n<p>Le sport est divis\u00e9 en deux sections globales. Il s&rsquo;agit des paris pr\u00e9-match et des paris en direct. Dans le premier cas, vous voyez le programme de plusieurs tours \u00e0 venir et vous avez le temps de prendre une d\u00e9cision. Dans le second cas, vous pariez sur un match d\u00e9j\u00e0 en cours. Il est possible d&rsquo;utiliser le code promo Linebet\u00a0sur des sports individuels, d&rsquo;\u00e9quipe, d&rsquo;\u00e9t\u00e9 ou d&rsquo;hiver. Il n&rsquo;y a pratiquement aucune restriction.<\/p>\n<p>La deuxi\u00e8me grande section du site contient les jeux de casino. C&rsquo;est sur Linebet que l&rsquo;on trouve le plus de machines \u00e0 sous avec des m\u00e9caniques diff\u00e9rentes. Mais les fournisseurs lancent activement des jeux de cartes et de table. Les jeux avec croupier en direct fonctionnent bien s\u00fbr\u00a0PC ou sur Linebet APK\u00a0\u2014\u00a0il s&rsquo;agit de diffusions en direct avec interaction. Vous pouvez encore trouver beaucoup de jeux alternatifs et exp\u00e9rimentaux. Par exemple, il s&rsquo;agit de jeux t\u00e9l\u00e9vis\u00e9s ou du format crash, qui comprend Aviator. Au casino Linebet, il est facile de trouver des machines \u00e0 sous avec jackpot progressif. C&rsquo;est une bonne nouvelle pour ceux qui sont pr\u00eats \u00e0 prendre des risques pour obtenir de gros gains.<\/p>\n<a href=\"https:\/\/linebetarab.net\/go\" class=\"bonus-btn\" rel=\"nofollow\">Obtenez un bonus<\/a><h2>Linebet login\u00a0et options de cr\u00e9ation d&rsquo;un nouveau profil<\/h2>\n<p>Jouer pour de l&rsquo;argent n&rsquo;est possible que si vous vous connectez avec un compte personnel. Il est interdit d&rsquo;utiliser le compte de quelqu&rsquo;un d&rsquo;autre ou de fournir de fausses donn\u00e9es lors de l&rsquo;inscription. Sinon, le profil sera banni. Vous pouvez effectuer Linebet inscription, \u00e0 condition d&rsquo;\u00eatre majeur, par les m\u00e9thodes suivantes :<\/p>\n<ol>\n<li>Par num\u00e9ro de t\u00e9l\u00e9phone. La r\u00e9gion est d\u00e9termin\u00e9e automatiquement. Il suffit donc de sp\u00e9cifier la devise et d&rsquo;entrer le code du SMS.<\/li>\n<li>Par courrier. Ici, vous devez sp\u00e9cifier la r\u00e9gion, la devise, et vous devez \u00e9galement sp\u00e9cifier un mot de passe complexe. Pour commencer des paris en ligne Linebet, il n&rsquo;est pas n\u00e9cessaire de sp\u00e9cifier un code promo. Et vous pouvez \u00e9galement ignorer le choix du bonus.<\/li>\n<li>Si vous choisissez l&rsquo;inscription par les m\u00e9dias sociaux, vous devez sp\u00e9cifier la r\u00e9gion et la devise du jeu.<\/li>\n<\/ol>\n<p>Lors de l&rsquo;inscription rapide, vous devez uniquement sp\u00e9cifier la r\u00e9gion et la devise. Cependant, pour un jeu \u00e0 part enti\u00e8re sur Linebet en ligne, vous avez besoin d&rsquo;une v\u00e9rification. Vous devrez donc remplir des formulaires vides dans votre profil, confirmer votre adresse e-mail et votre num\u00e9ro de t\u00e9l\u00e9phone. Apr\u00e8s la v\u00e9rification, il vous suffit de d\u00e9poser une fois pour lier l&rsquo;outil \u00e0 votre profil. Cela vous permettra \u00e9galement de b\u00e9n\u00e9ficier d&rsquo;un bonus de bienvenue.<\/p>\n<a href=\"https:\/\/linebetarab.net\/go\" class=\"bonus-btn\" rel=\"nofollow\">Obtenez un bonus<\/a><h2>Applications mobiles Linebet APK\u00a0Android et iOS<\/h2>\n<p>Le site web de la soci\u00e9t\u00e9 est disponible pour les utilisateurs de diff\u00e9rents appareils. Il est possible d&rsquo;effectuer Linebet login\u00a0non seulement sur un ordinateur portable ou un PC. Les t\u00e9l\u00e9phones mobiles sont \u00e9galement adapt\u00e9s \u00e0 cette op\u00e9ration en raison de la pr\u00e9sence d&rsquo;applications de marque. Pour Android, les instructions sont les suivantes :<\/p>\n<ol>\n<li>Sur le site de jeux de hasard, il faut aller dans la section des applications mobiles et s\u00e9lectionner l&rsquo;ic\u00f4ne d\u00e9sir\u00e9e.<\/li>\n<li>Trouvez un lien pour t\u00e9l\u00e9charger Linebet APK. Ce fichier doit \u00eatre transf\u00e9r\u00e9 sur le smartphone ou lanc\u00e9 imm\u00e9diatement.<\/li>\n<li>N&rsquo;oubliez pas que l&rsquo;installation ne d\u00e9marrera pas si vous ne supprimez pas l&rsquo;interdiction d&rsquo;installation sans place de march\u00e9 dans les param\u00e8tres au pr\u00e9alable.<\/li>\n<\/ol>\n<p>L&rsquo;algorithme d&rsquo;actions pour Apple est l\u00e9g\u00e8rement diff\u00e9rent. Le programme est presque pr\u00eat, mais il est encore en phase de test. Vous devez trouver l&rsquo;onglet des applications mobiles, cliquer sur l&rsquo;ic\u00f4ne \u00ab iOS\u00a0\u00bb et t\u00e9l\u00e9charger le programme TestFlight. Vous devez ensuite trouver l&rsquo;application Linebet. Avant de la lancer, vous devez accepter le test. En fait, l&rsquo;application est enti\u00e8rement fonctionnelle. Vous pouvez y effectuer des transactions financi\u00e8res, lancer des jeux et faire des paris diff\u00e9rents.<\/p>\n<a href=\"https:\/\/linebetarab.net\/go\" class=\"bonus-btn\" rel=\"nofollow\">Obtenez un bonus<\/a><h2>Promotions pour les nouveaux arrivants et le code promo Linebet\u00a0pour les joueurs r\u00e9guliers<\/h2>\n<p>Il y a deux cadeaux garantis. Le premier d\u00e9p\u00f4t, quel qu&rsquo;il soit, vous donne automatiquement droit \u00e0 un bonus de bienvenue. Vous avez le choix entre le bonus sport et le bonus casino. Il n&rsquo;est pas n\u00e9cessaire d&rsquo;activer le code promo Linebet. Les conditions sont les suivantes :<\/p>\n<ol>\n<li>Vous devez effectuer un d\u00e9p\u00f4t de 200\u00a0USD au maximum. Le montant minimum est d&rsquo;environ 2\u00a0USD.<\/li>\n<li>L&rsquo;administration offre un cadeau de 100 %. Vous pouvez d\u00e9poser plus que ce montant, mais le bonus ne changera pas, autrement dit le bonus maximum est de 200 USD.<\/li>\n<li>Le bonus sportif est mis en jeu avec une mise de 5x.<\/li>\n<li>Il est n\u00e9cessaire de faire des paris sportifs express sur trois \u00e9v\u00e9nements ou plus.<\/li>\n<li>Ajoutez des \u00e9v\u00e9nements avec une cote de 1,4 au coupon. Choisissez n&rsquo;importe quel sport en pr\u00e9-match ou en direct.<\/li>\n<\/ol>\n<p>Vous pouvez \u00e9galement choisir le bonus du casino Linebet. Les conditions sont un peu plus int\u00e9ressantes. En effet, le cadeau lui-m\u00eame est divis\u00e9 en quatre parties. La r\u00e9compense est accumul\u00e9e de la mani\u00e8re suivante :<\/p>\n<ol>\n<li>Le premier r\u00e9approvisionnement que vous effectuez est d&rsquo;un minimum de 10 EUR. Ensuite, le montant augmente jusqu&rsquo;au\u00a0moins 15 EUR.<\/li>\n<li>Le premier cadeau donne 100 %\u00a0et 30 spins dans le jeu Juicy Fruits 27 Ways. Le maximum sur le compte sera de 300\u00a0EUR.<\/li>\n<li>Pour le deuxi\u00e8me d\u00e9p\u00f4t, le cadeau est d\u00e9j\u00e0 de 50 %\u00a0et donne imm\u00e9diatement 35 spins dans la machine Juicy Fruits 27 Ways. Le bonus maximum atteint 350\u00a0EUR.<\/li>\n<li>Pour le 3\u00e8me d\u00e9p\u00f4t, il y a un ajout de 25 %\u00a0et 40 spins sur la machine \u00e0 sous Coco Tiki. Le bonus est limit\u00e9 \u00e0 400\u00a0EUR.<\/li>\n<li>Lors du 4\u00e8me d\u00e9p\u00f4t, il y a un bonus de 25 %\u00a0et 45 tours sur la machine \u00e0 sous Coco Tiki. Le cadeau maximum est de 450\u00a0EUR.<\/li>\n<\/ol>\n<p>Il y a des d\u00e9lais de r\u00e9alisation partout. Le bonus sportif de Linebet\u00a0est mis en jeu en 30 jours. Et certaines parties du cadeau casino sont mis\u00e9es en 7 jours. Il y a aussi d&rsquo;autres cadeaux plus loin, que vous pouvez voir dans la section \u00ab Promo \u00bb. Le programme de fid\u00e9lit\u00e9 comprend \u00e0 la fois un cashback permanent et la possibilit\u00e9 de modifier les points d&rsquo;activit\u00e9 dans la boutique de codes promo.<\/p>\n<a href=\"https:\/\/linebetarab.net\/go\" class=\"bonus-btn\" rel=\"nofollow\">Obtenez un bonus<\/a><h2>Les moyens de paiement disponibles sur Linebet en ligne<\/h2>\n<p>Apr\u00e8s v\u00e9rification, les syst\u00e8mes de paiement sont enti\u00e8rement disponibles. Pour \u00e9viter les questions, il est important de ne pas changer les m\u00e9thodes de d\u00e9p\u00f4t et de retrait. Essayez \u00e9galement de vous en tenir \u00e0 peu pr\u00e8s aux m\u00eames montants pour les d\u00e9p\u00f4ts et les retraits. Les informations sur les instruments financiers sont ouvertes et disponibles sans autorisation. Vous pouvez y voir qu&rsquo;il existe des portefeuilles \u00e9lectroniques BMCE, Skrill, AstroPay, SticPay, Airtm, le syst\u00e8me Neteller, les \u00e9changeurs de devises Al Barid, les virements bancaires Rapid Transfer. Si vous le souhaitez, vous pouvez utiliser les crypto-monnaies les plus courantes \u2014\u00a0leur avantage est le traitement rapide des transactions et l&rsquo;anonymat.<\/p>\n<p>Aucune m\u00e9thode de d\u00e9p\u00f4t ne comporte de commission. De plus, les joueurs ne perdent rien lorsqu&rsquo;ils retirent des fonds. En utilisant les crypto-monnaies, vous pouvez retirer les montants les plus minimes. Les op\u00e9rations sont effectu\u00e9es en 15 minutes.<\/p>\n<a href=\"https:\/\/linebetarab.net\/go\" class=\"bonus-btn\" rel=\"nofollow\">Obtenez un bonus<\/a>","protected":false},"excerpt":{"rendered":"<p>Il est agr\u00e9able de disposer d&rsquo;outils pratiques pour r\u00e9aliser son hobby. Les fans qui aiment parier sur des sports professionnels ou jouer occasionnellement aux machines \u00e0 sous disposent d&rsquo;une plateforme populaire. Il s&rsquo;agit du site Linebet, qui propose un grand nombre de choses int\u00e9ressantes. M\u00eame sans inscription, vous pouvez consulter la liste compl\u00e8te des sports [&hellip;]<\/p>\n","protected":false},"author":1,"featured_media":120,"parent":0,"menu_order":0,"comment_status":"closed","ping_status":"closed","template":"","meta":{"footnotes":""},"class_list":["post-68","page","type-page","status-publish","has-post-thumbnail","hentry"],"yoast_head":"<!-- This site is optimized with the Yoast SEO plugin v24.5 - https:\/\/yoast.com\/wordpress\/plugins\/seo\/ -->\n<title>Linebet bookmaker se connecter \u1409 Paris sportifs en ligne<\/title>\n<meta name=\"description\" content=\"Linebet - paris sportifs en ligne \u2714\ufe0f Meilleur bookmaker en ligne \u2b50\ufe0f Connectez-vous \u00e0 Linebet et gagnez \u2714\ufe0f Bonus pour les paris sportifs et le casino\" \/>\n<meta name=\"robots\" content=\"index, follow, max-snippet:-1, max-image-preview:large, max-video-preview:-1\" \/>\n<link rel=\"canonical\" href=\"https:\/\/linebetarab.net\/fr\/\" \/>\n<meta property=\"og:locale\" content=\"fr_FR\" \/>\n<meta property=\"og:type\" content=\"article\" \/>\n<meta property=\"og:title\" content=\"Linebet bookmaker se connecter \u1409 Paris sportifs en ligne\" \/>\n<meta property=\"og:description\" content=\"Linebet - paris sportifs en ligne \u2714\ufe0f Meilleur bookmaker en ligne \u2b50\ufe0f Connectez-vous \u00e0 Linebet et gagnez \u2714\ufe0f Bonus pour les paris sportifs et le casino\" \/>\n<meta property=\"og:url\" content=\"https:\/\/linebetarab.net\/fr\/\" \/>\n<meta property=\"og:site_name\" content=\"linebetarab.net\" \/>\n<meta property=\"article:modified_time\" content=\"2025-03-05T13:00:55+00:00\" \/>\n<meta property=\"og:image\" content=\"https:\/\/linebetarab.net\/wp-content\/uploads\/2025\/02\/202.jpg\" \/>\n\t<meta property=\"og:image:width\" content=\"1366\" \/>\n\t<meta property=\"og:image:height\" content=\"768\" \/>\n\t<meta property=\"og:image:type\" content=\"image\/jpeg\" \/>\n<meta name=\"twitter:card\" content=\"summary_large_image\" \/>\n<meta name=\"twitter:label1\" content=\"Dur\u00e9e de lecture estim\u00e9e\" \/>\n\t<meta name=\"twitter:data1\" content=\"7 minutes\" \/>\n<script type=\"application\/ld+json\" class=\"yoast-schema-graph\">{\"@context\":\"https:\/\/schema.org\",\"@graph\":[{\"@type\":\"WebPage\",\"@id\":\"https:\/\/linebetarab.net\/fr\/\",\"url\":\"https:\/\/linebetarab.net\/fr\/\",\"name\":\"Linebet bookmaker se connecter \u1409 Paris sportifs en ligne\",\"isPartOf\":{\"@id\":\"https:\/\/linebetarab.net\/fr\/#website\"},\"primaryImageOfPage\":{\"@id\":\"https:\/\/linebetarab.net\/fr\/#primaryimage\"},\"image\":{\"@id\":\"https:\/\/linebetarab.net\/fr\/#primaryimage\"},\"thumbnailUrl\":\"https:\/\/linebetarab.net\/wp-content\/uploads\/2025\/02\/202.jpg\",\"datePublished\":\"2025-02-25T18:22:05+00:00\",\"dateModified\":\"2025-03-05T13:00:55+00:00\",\"description\":\"Linebet - paris sportifs en ligne \u2714\ufe0f Meilleur bookmaker en ligne \u2b50\ufe0f Connectez-vous \u00e0 Linebet et gagnez \u2714\ufe0f Bonus pour les paris sportifs et le casino\",\"breadcrumb\":{\"@id\":\"https:\/\/linebetarab.net\/fr\/#breadcrumb\"},\"inLanguage\":\"fr-FR\",\"potentialAction\":[{\"@type\":\"ReadAction\",\"target\":[\"https:\/\/linebetarab.net\/fr\/\"]}]},{\"@type\":\"ImageObject\",\"inLanguage\":\"fr-FR\",\"@id\":\"https:\/\/linebetarab.net\/fr\/#primaryimage\",\"url\":\"https:\/\/linebetarab.net\/wp-content\/uploads\/2025\/02\/202.jpg\",\"contentUrl\":\"https:\/\/linebetarab.net\/wp-content\/uploads\/2025\/02\/202.jpg\",\"width\":1366,\"height\":768},{\"@type\":\"BreadcrumbList\",\"@id\":\"https:\/\/linebetarab.net\/fr\/#breadcrumb\",\"itemListElement\":[{\"@type\":\"ListItem\",\"position\":1,\"name\":\"Home\",\"item\":\"https:\/\/linebetarab.net\/fr\/\"},{\"@type\":\"ListItem\",\"position\":2,\"name\":\"Sports populaires et jeux de casino en ligne abordables \u00e0 Linebet\"}]},{\"@type\":\"WebSite\",\"@id\":\"https:\/\/linebetarab.net\/fr\/#website\",\"url\":\"https:\/\/linebetarab.net\/fr\/\",\"name\":\"linebetarab.net\",\"description\":\"\",\"inLanguage\":\"fr-FR\"}]}<\/script>\n<!-- \/ Yoast SEO plugin. -->","yoast_head_json":{"title":"Linebet bookmaker se connecter \u1409 Paris sportifs en ligne","description":"Linebet - paris sportifs en ligne \u2714\ufe0f Meilleur bookmaker en ligne \u2b50\ufe0f Connectez-vous \u00e0 Linebet et gagnez \u2714\ufe0f Bonus pour les paris sportifs et le casino","robots":{"index":"index","follow":"follow","max-snippet":"max-snippet:-1","max-image-preview":"max-image-preview:large","max-video-preview":"max-video-preview:-1"},"canonical":"https:\/\/linebetarab.net\/fr\/","og_locale":"fr_FR","og_type":"article","og_title":"Linebet bookmaker se connecter \u1409 Paris sportifs en ligne","og_description":"Linebet - paris sportifs en ligne \u2714\ufe0f Meilleur bookmaker en ligne \u2b50\ufe0f Connectez-vous \u00e0 Linebet et gagnez \u2714\ufe0f Bonus pour les paris sportifs et le casino","og_url":"https:\/\/linebetarab.net\/fr\/","og_site_name":"linebetarab.net","article_modified_time":"2025-03-05T13:00:55+00:00","og_image":[{"width":1366,"height":768,"url":"https:\/\/linebetarab.net\/wp-content\/uploads\/2025\/02\/202.jpg","type":"image\/jpeg"}],"twitter_card":"summary_large_image","twitter_misc":{"Dur\u00e9e de lecture estim\u00e9e":"7 minutes"},"schema":{"@context":"https:\/\/schema.org","@graph":[{"@type":"WebPage","@id":"https:\/\/linebetarab.net\/fr\/","url":"https:\/\/linebetarab.net\/fr\/","name":"Linebet bookmaker se connecter \u1409 Paris sportifs en ligne","isPartOf":{"@id":"https:\/\/linebetarab.net\/fr\/#website"},"primaryImageOfPage":{"@id":"https:\/\/linebetarab.net\/fr\/#primaryimage"},"image":{"@id":"https:\/\/linebetarab.net\/fr\/#primaryimage"},"thumbnailUrl":"https:\/\/linebetarab.net\/wp-content\/uploads\/2025\/02\/202.jpg","datePublished":"2025-02-25T18:22:05+00:00","dateModified":"2025-03-05T13:00:55+00:00","description":"Linebet - paris sportifs en ligne \u2714\ufe0f Meilleur bookmaker en ligne \u2b50\ufe0f Connectez-vous \u00e0 Linebet et gagnez \u2714\ufe0f Bonus pour les paris sportifs et le casino","breadcrumb":{"@id":"https:\/\/linebetarab.net\/fr\/#breadcrumb"},"inLanguage":"fr-FR","potentialAction":[{"@type":"ReadAction","target":["https:\/\/linebetarab.net\/fr\/"]}]},{"@type":"ImageObject","inLanguage":"fr-FR","@id":"https:\/\/linebetarab.net\/fr\/#primaryimage","url":"https:\/\/linebetarab.net\/wp-content\/uploads\/2025\/02\/202.jpg","contentUrl":"https:\/\/linebetarab.net\/wp-content\/uploads\/2025\/02\/202.jpg","width":1366,"height":768},{"@type":"BreadcrumbList","@id":"https:\/\/linebetarab.net\/fr\/#breadcrumb","itemListElement":[{"@type":"ListItem","position":1,"name":"Home","item":"https:\/\/linebetarab.net\/fr\/"},{"@type":"ListItem","position":2,"name":"Sports populaires et jeux de casino en ligne abordables \u00e0 Linebet"}]},{"@type":"WebSite","@id":"https:\/\/linebetarab.net\/fr\/#website","url":"https:\/\/linebetarab.net\/fr\/","name":"linebetarab.net","description":"","inLanguage":"fr-FR"}]}},"_links":{"self":[{"href":"https:\/\/linebetarab.net\/fr\/wp-json\/wp\/v2\/pages\/68","targetHints":{"allow":["GET"]}}],"collection":[{"href":"https:\/\/linebetarab.net\/fr\/wp-json\/wp\/v2\/pages"}],"about":[{"href":"https:\/\/linebetarab.net\/fr\/wp-json\/wp\/v2\/types\/page"}],"author":[{"embeddable":true,"href":"https:\/\/linebetarab.net\/fr\/wp-json\/wp\/v2\/users\/1"}],"replies":[{"embeddable":true,"href":"https:\/\/linebetarab.net\/fr\/wp-json\/wp\/v2\/comments?post=68"}],"version-history":[{"count":4,"href":"https:\/\/linebetarab.net\/fr\/wp-json\/wp\/v2\/pages\/68\/revisions"}],"predecessor-version":[{"id":93,"href":"https:\/\/linebetarab.net\/fr\/wp-json\/wp\/v2\/pages\/68\/revisions\/93"}],"wp:featuredmedia":[{"embeddable":true,"href":"https:\/\/linebetarab.net\/fr\/wp-json\/wp\/v2\/media\/120"}],"wp:attachment":[{"href":"https:\/\/linebetarab.net\/fr\/wp-json\/wp\/v2\/media?parent=68"}],"curies":[{"name":"wp","href":"https:\/\/api.w.org\/{rel}","templated":true}]}}