{"id":74,"date":"2025-02-25T18:22:43","date_gmt":"2025-02-25T18:22:43","guid":{"rendered":"https:\/\/linebetarab.net\/app-2\/"},"modified":"2025-03-05T13:12:56","modified_gmt":"2025-03-05T13:12:56","slug":"app","status":"publish","type":"page","link":"https:\/\/linebetarab.net\/fr\/app\/","title":{"rendered":"Caract\u00e9ristiques de l&rsquo;installation de Linebet APK sur les diff\u00e9rentes plateformes"},"content":{"rendered":"<p>Les plateformes en ligne avec le divertissement de jeu ont r\u00e9solu beaucoup de probl\u00e8mes. D\u00e9sormais, vous n&rsquo;avez plus besoin de vous d\u00e9placer pour faire une pr\u00e9diction sur votre \u00e9quipe pr\u00e9f\u00e9r\u00e9e. Il n&rsquo;est pas non plus n\u00e9cessaire de chercher une salle avec des machines \u00e0 sous. L&rsquo;ensemble des jeux de hasard est d\u00e9j\u00e0 ajout\u00e9 \u00e0 votre t\u00e9l\u00e9phone. Il suffit d&rsquo;installer de Linebet APK\u00a0\u00e0 travers les instructions propos\u00e9es. Vous pouvez utiliser pas les derni\u00e8res versions des smartphones et des tablettes. Puisque les exigences techniques du programme sont minimales.<\/p>\n<p>Pour un jeu \u00e0 part enti\u00e8re, vous devez obtenir un profil personnel sur la plateforme. Seuls les utilisateurs ayant atteint l&rsquo;\u00e2ge de la majorit\u00e9\u00a0ont le droit de s&rsquo;inscrire sur les applications Linebet iOS\u00a0et Android. La soci\u00e9t\u00e9 exige \u00e9galement que ce soit le premier profil sur sa plateforme pour les nouveaux arrivants. Il est possible d&rsquo;obtenir des informations sur le site, de consulter les promotions en cours et de v\u00e9rifier les applications mobiles elles-m\u00eames sans autorisation. Cependant, pour pouvoir parier pour de l&rsquo;argent, vous devez passer par une v\u00e9rification. Ce n&rsquo;est qu&rsquo;\u00e0 ce moment-l\u00e0 que tous les paris en ligne Linebet\u00a0dans l&rsquo;application deviendront disponibles. Il sera \u00e9galement possible d&rsquo;effectuer des transactions financi\u00e8res.<\/p>\n<a href=\"https:\/\/linebetarab.net\/go\" class=\"bonus-btn\" rel=\"nofollow\">Obtenez un bonus<\/a><h2>Instructions comment t\u00e9l\u00e9charger Linebet APK\u00a0pour les d\u00e9butants<\/h2>\n<p>Les utilisateurs ont la libert\u00e9 de choisir l&rsquo;appareil principal pour le jeu. Il peut s&rsquo;agir d&rsquo;un ordinateur, d&rsquo;un ordinateur portable ou d&rsquo;un smartphone. L&rsquo;ordinateur est pratique \u00e0 utiliser \u00e0 la maison. Puisqu&rsquo;il est confortable de voir plusieurs pages du site sur un grand \u00e9cran, de d\u00e9ployer le march\u00e9 des sports ou de trouver des diffusions en direct \u2014\u00a0sur Linebet APK, elles sont \u00e9galement disponibles. Cependant, vous ne pouvez pas emporter un PC partout avec vous, contrairement \u00e0 un smartphone. Ayant install\u00e9 l&rsquo;application sur un appareil portable, le joueur re\u00e7oit de tels privil\u00e8ges :<\/p>\n<ol>\n<li>La possibilit\u00e9 d&rsquo;effectuer une transaction financi\u00e8re n&rsquo;importe o\u00f9. Le programme Linebet APK Android\u00a0permet de d\u00e9poser et de retirer de l&rsquo;argent en toute s\u00e9curit\u00e9.<\/li>\n<li>Il est possible de faire n&rsquo;importe quel pari. Choisissez les sports en pr\u00e9-match ou en direct dans l&rsquo;application, trouvez des jeux r\u00e9guliers ou un casino en direct. Tout fonctionne correctement et sans d\u00e9lai.<\/li>\n<li>Vous pouvez trouver et r\u00e9aliser des bonus via l&rsquo;application. Ils concernent \u00e0 la fois le casino\u00a0et les sports.<\/li>\n<li>Dans l&rsquo;application mobile, vous pouvez r\u00e9soudre tous les probl\u00e8mes li\u00e9s \u00e0 votre compte. Par exemple, vous trouverez un chat o\u00f9 vous pourrez conna\u00eetre les conditions des transactions ou les exigences de mise du cadeau. Tout ce que vous avez \u00e0 faire est de t\u00e9l\u00e9charger Linebet APK\u00a0sur votre appareil.<\/li>\n<\/ol>\n<p>L&rsquo;application mobile fonctionne \u00e9galement tr\u00e8s bien via l&rsquo;internet mobile. C&rsquo;est un avantage. Apr\u00e8s tout, la zone de couverture est plus large que celle de l&rsquo;Internet habituel. Par cons\u00e9quent, il est toujours possible de placer un pari via Linebet APK. Cela vous permet de ne pas manquer une seule variante favorable des pr\u00e9dictions.<\/p>\n<a href=\"https:\/\/linebetarab.net\/go\" class=\"bonus-btn\" rel=\"nofollow\">Obtenez un bonus<\/a><h2>Linebet APK\u00a0pour les smartphones Android<\/h2>\n<p>La fonctionnalit\u00e9 de l&rsquo;application pour tous les syst\u00e8mes d&rsquo;exploitation est la m\u00eame que celle du site web normal. Il n&rsquo;est pas n\u00e9cessaire de payer pour l&rsquo;utiliser. Cependant, vous ne pouvez pas utiliser le march\u00e9 officiel pour t\u00e9l\u00e9charger le programme. La raison en est l&rsquo;interdiction de la gestion de la boutique. Une alternative est donc propos\u00e9e. Le lien n\u00e9cessaire au fichier APK est facile \u00e0 trouver sur le site web du bookmaker. Pour ce faire, vous devez :<\/p>\n<ol>\n<li>Aller dans la section des applications mobiles et s\u00e9lectionner l&rsquo;ic\u00f4ne appropri\u00e9e.<\/li>\n<li>Connecter imm\u00e9diatement votre smartphone ou votre tablette \u00e0 votre ordinateur. Vous pouvez \u00e9galement acc\u00e9der directement au site depuis votre smartphone et commencer \u00e0 t\u00e9l\u00e9charger Linebet APK\u00a0sur votre appareil.<\/li>\n<li>L&rsquo;installation se d\u00e9roule g\u00e9n\u00e9ralement sans probl\u00e8me. Toutefois, si le syst\u00e8me bloque l&rsquo;action, vous devez lever l&rsquo;interdiction d&rsquo;installer des applications non commerciales dans les param\u00e8tres. Vous pouvez facilement trouver ceci sur votre appareil, donnant l&rsquo;acc\u00e8s \u00e0 l&rsquo;installation d\u2019Android APK.<\/li>\n<\/ol>\n<p>La proc\u00e9dure compl\u00e8te d&rsquo;enregistrement et d&rsquo;installation peut \u00eatre effectu\u00e9e sans ordinateur personnel, sur votre t\u00e9l\u00e9phone. Il suffit d&rsquo;avoir l&rsquo;internet mobile \u00e0 votre disposition. Si vous avez d\u00e9j\u00e0 un profil, vous pouvez installer Linebet APK\u00a0de la mani\u00e8re sugg\u00e9r\u00e9e. La proc\u00e9dure prendra quelques minutes.<\/p>\n<a href=\"https:\/\/linebetarab.net\/go\" class=\"bonus-btn\" rel=\"nofollow\">Obtenez un bonus<\/a><h2>Linebet App\u00a0pour les smartphones iOS<\/h2>\n<p>Pour installer l&rsquo;application pour ce syst\u00e8me d&rsquo;exploitation, vous devez faire preuve de d\u00e9licatesse. En effet, le programme n&rsquo;a pas encore \u00e9t\u00e9 publi\u00e9 sur la place de march\u00e9 officielle. Le d\u00e9veloppeur a fourni la version Linebet App\u00a0iOS, qui est en phase de test. En m\u00eame temps, toutes les fonctions principales y sont impl\u00e9ment\u00e9es. Vous verrez le design familier, la possibilit\u00e9 de recharger le compte. L&rsquo;application comporte une section casino. Tous les paris en ligne LineBet\u00a0sur les sports y seront pr\u00e9sents. Pour installer le programme, vous devez proc\u00e9der comme suit :<\/p>\n<ol>\n<li>Dans la section des applications mobiles, trouvez un lien vers le site Web de Testflight. Vous y trouverez un programme de marque par lequel les d\u00e9veloppeurs testent leurs produits.<\/li>\n<li>Apr\u00e8s avoir ouvert cette application, vous devez trouver Linebet iOS. Vous la t\u00e9l\u00e9chargez sur votre appareil.<\/li>\n<li>Avant de lancer le programme, vous devez accepter de participer \u00e0 ses tests. Cela n&rsquo;implique rien de compliqu\u00e9, vous allez juste essayer de r\u00e9aliser toutes les actions, y compris les paris en ligne casino. Tout probl\u00e8me d\u00e9tect\u00e9 doit \u00eatre signal\u00e9 \u00e0 l&rsquo;assistance technique.<\/li>\n<\/ol>\n<p>Il n&rsquo;y a pas lieu de s&rsquo;inqui\u00e9ter si on vous propose d&rsquo;utiliser un programme qui n&rsquo;est pas enti\u00e8rement termin\u00e9. Puisque toutes les options pour jouer avec de l&rsquo;argent y sont ajout\u00e9es. Il vous suffit de t\u00e9l\u00e9charger\u00a0le programme sur votre smartphone ou votre tablette. \u00c0 l&rsquo;avenir, vous pourrez conna\u00eetre les r\u00e9sultats sportifs et consulter les statistiques via l&rsquo;internet mobile. Certaines retransmissions sportives en direct ont \u00e9galement \u00e9t\u00e9 ajout\u00e9es. Cependant, elles n\u00e9cessitent un trafic assez important. Lors de l&rsquo;installation de Linebet APK, il est important de s&rsquo;en souvenir, surtout si vous n&rsquo;avez pas un tarif illimit\u00e9. Sinon, vous d\u00e9penserez votre r\u00e9serve tr\u00e8s rapidement.<\/p>\n<a href=\"https:\/\/linebetarab.net\/go\" class=\"bonus-btn\" rel=\"nofollow\">Obtenez un bonus<\/a><h2>Version mobile du site Linebet<\/h2>\n<p>Si les limitations techniques ne vous permettent pas d&rsquo;utiliser l&rsquo;application mobile, il existe une alternative. Les navigateurs modernes permettent d&rsquo;ouvrir les plateformes dans un format pratique pour la visualisation. Cela vous permet de vous passer de Linebet APK Android. Il suffit d&rsquo;ouvrir le site du casino. Ensuite, appuyez sur le bouton \u00ab Ramener \u00e0 la maison ou \u00e0 l&rsquo;\u00e9cran d&rsquo;accueil \u00bb. Apr\u00e8s cela, la version mobile du site s&rsquo;ouvrira dans un format pratique. Visuellement, c&rsquo;est similaire \u00e0 ce que vous pouvez voir apr\u00e8s avoir t\u00e9l\u00e9charg\u00e9 APK et ouvert Linebet App.<\/p>\n<p>Le logiciel de pari et le syst\u00e8me financier doivent \u00eatre prot\u00e9g\u00e9s. Il est pr\u00e9f\u00e9rable d&rsquo;utiliser un mot de passe graphique. Vous pouvez \u00e9galement d\u00e9finir le d\u00e9verrouillage par empreinte digitale dans les param\u00e8tres. Cela est n\u00e9cessaire pour que personne ne puisse, apr\u00e8s avoir t\u00e9l\u00e9charg\u00e9 Linebet APK Android\u00a0sur l&rsquo;appareil, entrer dans l&rsquo;application et effectuer un transfert financier. Si le smartphone est partag\u00e9, il est recommand\u00e9 de se d\u00e9connecter de son compte apr\u00e8s chaque jeu.<\/p>\n<a href=\"https:\/\/linebetarab.net\/go\" class=\"bonus-btn\" rel=\"nofollow\">Obtenez un bonus<\/a>","protected":false},"excerpt":{"rendered":"<p>Les plateformes en ligne avec le divertissement de jeu ont r\u00e9solu beaucoup de probl\u00e8mes. D\u00e9sormais, vous n&rsquo;avez plus besoin de vous d\u00e9placer pour faire une pr\u00e9diction sur votre \u00e9quipe pr\u00e9f\u00e9r\u00e9e. Il n&rsquo;est pas non plus n\u00e9cessaire de chercher une salle avec des machines \u00e0 sous. L&rsquo;ensemble des jeux de hasard est d\u00e9j\u00e0 ajout\u00e9 \u00e0 votre [&hellip;]<\/p>\n","protected":false},"author":1,"featured_media":106,"parent":0,"menu_order":0,"comment_status":"closed","ping_status":"closed","template":"","meta":{"footnotes":""},"class_list":["post-74","page","type-page","status-publish","has-post-thumbnail","hentry"],"yoast_head":"<!-- This site is optimized with the Yoast SEO plugin v24.5 - https:\/\/yoast.com\/wordpress\/plugins\/seo\/ -->\n<title>Linebet APK t\u00e9l\u00e9charger l\u2019appli \u1409 APK Linebet pour Android &amp; iOS<\/title>\n<meta name=\"description\" content=\"T\u00e9l\u00e9chargez l&#039;application Linebet \u2714\ufe0f Pari en ligne pour Android et iOS \u2b50\ufe0f Linebet mobile \u2714\ufe0f Download application mobile pour iOS et Android\" \/>\n<meta name=\"robots\" content=\"index, follow, max-snippet:-1, max-image-preview:large, max-video-preview:-1\" \/>\n<link rel=\"canonical\" href=\"https:\/\/linebetarab.net\/fr\/app\/\" \/>\n<meta property=\"og:locale\" content=\"fr_FR\" \/>\n<meta property=\"og:type\" content=\"article\" \/>\n<meta property=\"og:title\" content=\"Linebet APK t\u00e9l\u00e9charger l\u2019appli \u1409 APK Linebet pour Android &amp; iOS\" \/>\n<meta property=\"og:description\" content=\"T\u00e9l\u00e9chargez l&#039;application Linebet \u2714\ufe0f Pari en ligne pour Android et iOS \u2b50\ufe0f Linebet mobile \u2714\ufe0f Download application mobile pour iOS et Android\" \/>\n<meta property=\"og:url\" content=\"https:\/\/linebetarab.net\/fr\/app\/\" \/>\n<meta property=\"og:site_name\" content=\"linebetarab.net\" \/>\n<meta property=\"article:modified_time\" content=\"2025-03-05T13:12:56+00:00\" \/>\n<meta property=\"og:image\" content=\"https:\/\/linebetarab.net\/wp-content\/uploads\/2025\/02\/156.jpg\" \/>\n\t<meta property=\"og:image:width\" content=\"1366\" \/>\n\t<meta property=\"og:image:height\" content=\"911\" \/>\n\t<meta property=\"og:image:type\" content=\"image\/jpeg\" \/>\n<meta name=\"twitter:card\" content=\"summary_large_image\" \/>\n<meta name=\"twitter:label1\" content=\"Dur\u00e9e de lecture estim\u00e9e\" \/>\n\t<meta name=\"twitter:data1\" content=\"6 minutes\" \/>\n<script type=\"application\/ld+json\" class=\"yoast-schema-graph\">{\"@context\":\"https:\/\/schema.org\",\"@graph\":[{\"@type\":\"WebPage\",\"@id\":\"https:\/\/linebetarab.net\/fr\/app\/\",\"url\":\"https:\/\/linebetarab.net\/fr\/app\/\",\"name\":\"Linebet APK t\u00e9l\u00e9charger l\u2019appli \u1409 APK Linebet pour Android & iOS\",\"isPartOf\":{\"@id\":\"https:\/\/linebetarab.net\/fr\/#website\"},\"primaryImageOfPage\":{\"@id\":\"https:\/\/linebetarab.net\/fr\/app\/#primaryimage\"},\"image\":{\"@id\":\"https:\/\/linebetarab.net\/fr\/app\/#primaryimage\"},\"thumbnailUrl\":\"https:\/\/linebetarab.net\/wp-content\/uploads\/2025\/02\/156.jpg\",\"datePublished\":\"2025-02-25T18:22:43+00:00\",\"dateModified\":\"2025-03-05T13:12:56+00:00\",\"description\":\"T\u00e9l\u00e9chargez l'application Linebet \u2714\ufe0f Pari en ligne pour Android et iOS \u2b50\ufe0f Linebet mobile \u2714\ufe0f Download application mobile pour iOS et Android\",\"breadcrumb\":{\"@id\":\"https:\/\/linebetarab.net\/fr\/app\/#breadcrumb\"},\"inLanguage\":\"fr-FR\",\"potentialAction\":[{\"@type\":\"ReadAction\",\"target\":[\"https:\/\/linebetarab.net\/fr\/app\/\"]}]},{\"@type\":\"ImageObject\",\"inLanguage\":\"fr-FR\",\"@id\":\"https:\/\/linebetarab.net\/fr\/app\/#primaryimage\",\"url\":\"https:\/\/linebetarab.net\/wp-content\/uploads\/2025\/02\/156.jpg\",\"contentUrl\":\"https:\/\/linebetarab.net\/wp-content\/uploads\/2025\/02\/156.jpg\",\"width\":1366,\"height\":911},{\"@type\":\"BreadcrumbList\",\"@id\":\"https:\/\/linebetarab.net\/fr\/app\/#breadcrumb\",\"itemListElement\":[{\"@type\":\"ListItem\",\"position\":1,\"name\":\"Home\",\"item\":\"https:\/\/linebetarab.net\/fr\/\"},{\"@type\":\"ListItem\",\"position\":2,\"name\":\"Caract\u00e9ristiques de l&rsquo;installation de Linebet APK sur les diff\u00e9rentes plateformes\"}]},{\"@type\":\"WebSite\",\"@id\":\"https:\/\/linebetarab.net\/fr\/#website\",\"url\":\"https:\/\/linebetarab.net\/fr\/\",\"name\":\"linebetarab.net\",\"description\":\"\",\"inLanguage\":\"fr-FR\"}]}<\/script>\n<!-- \/ Yoast SEO plugin. -->","yoast_head_json":{"title":"Linebet APK t\u00e9l\u00e9charger l\u2019appli \u1409 APK Linebet pour Android & iOS","description":"T\u00e9l\u00e9chargez l'application Linebet \u2714\ufe0f Pari en ligne pour Android et iOS \u2b50\ufe0f Linebet mobile \u2714\ufe0f Download application mobile pour iOS et Android","robots":{"index":"index","follow":"follow","max-snippet":"max-snippet:-1","max-image-preview":"max-image-preview:large","max-video-preview":"max-video-preview:-1"},"canonical":"https:\/\/linebetarab.net\/fr\/app\/","og_locale":"fr_FR","og_type":"article","og_title":"Linebet APK t\u00e9l\u00e9charger l\u2019appli \u1409 APK Linebet pour Android & iOS","og_description":"T\u00e9l\u00e9chargez l'application Linebet \u2714\ufe0f Pari en ligne pour Android et iOS \u2b50\ufe0f Linebet mobile \u2714\ufe0f Download application mobile pour iOS et Android","og_url":"https:\/\/linebetarab.net\/fr\/app\/","og_site_name":"linebetarab.net","article_modified_time":"2025-03-05T13:12:56+00:00","og_image":[{"width":1366,"height":911,"url":"https:\/\/linebetarab.net\/wp-content\/uploads\/2025\/02\/156.jpg","type":"image\/jpeg"}],"twitter_card":"summary_large_image","twitter_misc":{"Dur\u00e9e de lecture estim\u00e9e":"6 minutes"},"schema":{"@context":"https:\/\/schema.org","@graph":[{"@type":"WebPage","@id":"https:\/\/linebetarab.net\/fr\/app\/","url":"https:\/\/linebetarab.net\/fr\/app\/","name":"Linebet APK t\u00e9l\u00e9charger l\u2019appli \u1409 APK Linebet pour Android & iOS","isPartOf":{"@id":"https:\/\/linebetarab.net\/fr\/#website"},"primaryImageOfPage":{"@id":"https:\/\/linebetarab.net\/fr\/app\/#primaryimage"},"image":{"@id":"https:\/\/linebetarab.net\/fr\/app\/#primaryimage"},"thumbnailUrl":"https:\/\/linebetarab.net\/wp-content\/uploads\/2025\/02\/156.jpg","datePublished":"2025-02-25T18:22:43+00:00","dateModified":"2025-03-05T13:12:56+00:00","description":"T\u00e9l\u00e9chargez l'application Linebet \u2714\ufe0f Pari en ligne pour Android et iOS \u2b50\ufe0f Linebet mobile \u2714\ufe0f Download application mobile pour iOS et Android","breadcrumb":{"@id":"https:\/\/linebetarab.net\/fr\/app\/#breadcrumb"},"inLanguage":"fr-FR","potentialAction":[{"@type":"ReadAction","target":["https:\/\/linebetarab.net\/fr\/app\/"]}]},{"@type":"ImageObject","inLanguage":"fr-FR","@id":"https:\/\/linebetarab.net\/fr\/app\/#primaryimage","url":"https:\/\/linebetarab.net\/wp-content\/uploads\/2025\/02\/156.jpg","contentUrl":"https:\/\/linebetarab.net\/wp-content\/uploads\/2025\/02\/156.jpg","width":1366,"height":911},{"@type":"BreadcrumbList","@id":"https:\/\/linebetarab.net\/fr\/app\/#breadcrumb","itemListElement":[{"@type":"ListItem","position":1,"name":"Home","item":"https:\/\/linebetarab.net\/fr\/"},{"@type":"ListItem","position":2,"name":"Caract\u00e9ristiques de l&rsquo;installation de Linebet APK sur les diff\u00e9rentes plateformes"}]},{"@type":"WebSite","@id":"https:\/\/linebetarab.net\/fr\/#website","url":"https:\/\/linebetarab.net\/fr\/","name":"linebetarab.net","description":"","inLanguage":"fr-FR"}]}},"_links":{"self":[{"href":"https:\/\/linebetarab.net\/fr\/wp-json\/wp\/v2\/pages\/74","targetHints":{"allow":["GET"]}}],"collection":[{"href":"https:\/\/linebetarab.net\/fr\/wp-json\/wp\/v2\/pages"}],"about":[{"href":"https:\/\/linebetarab.net\/fr\/wp-json\/wp\/v2\/types\/page"}],"author":[{"embeddable":true,"href":"https:\/\/linebetarab.net\/fr\/wp-json\/wp\/v2\/users\/1"}],"replies":[{"embeddable":true,"href":"https:\/\/linebetarab.net\/fr\/wp-json\/wp\/v2\/comments?post=74"}],"version-history":[{"count":6,"href":"https:\/\/linebetarab.net\/fr\/wp-json\/wp\/v2\/pages\/74\/revisions"}],"predecessor-version":[{"id":169,"href":"https:\/\/linebetarab.net\/fr\/wp-json\/wp\/v2\/pages\/74\/revisions\/169"}],"wp:featuredmedia":[{"embeddable":true,"href":"https:\/\/linebetarab.net\/fr\/wp-json\/wp\/v2\/media\/106"}],"wp:attachment":[{"href":"https:\/\/linebetarab.net\/fr\/wp-json\/wp\/v2\/media?parent=74"}],"curies":[{"name":"wp","href":"https:\/\/api.w.org\/{rel}","templated":true}]}}