{"id":80,"date":"2025-02-25T18:23:17","date_gmt":"2025-02-25T18:23:17","guid":{"rendered":"https:\/\/linebetarab.net\/promo-2\/"},"modified":"2025-03-05T13:14:16","modified_gmt":"2025-03-05T13:14:16","slug":"promo","status":"publish","type":"page","link":"https:\/\/linebetarab.net\/fr\/promo\/","title":{"rendered":"Premier cadeau et autres bonus via le code promo Linebet"},"content":{"rendered":"<p>Sur les sites qui proposent de participer \u00e0 des pr\u00e9dictions sportives ou de jouer aux machines \u00e0 sous, il y a trois fa\u00e7ons d&rsquo;augmenter votre solde. C&rsquo;est de recharger votre compte avec la m\u00e9thode de votre choix. C&rsquo;est gagner une pr\u00e9diction ou un jeu en ligne. Et c&rsquo;est r\u00e9aliser un cadeau, comme un bonus de bienvenue.. Tous les cadeaux sont assortis de conditions claires. Il s&rsquo;agit par exemple des conditions de r\u00e9alisation ou du choix d&rsquo;une machine \u00e0 sous particuli\u00e8re.<\/p>\n<p>Souvent, les cadeaux exigent que vous fassiez un d\u00e9p\u00f4t au pr\u00e9alable. Linebet code promo\u00a0standard vous donne un suppl\u00e9ment au montant du d\u00e9p\u00f4t. L\u2019introduction de cadeaux gratuits a pour objectif non seulement d\u2019attirer un nouveau public, mais \u00e9galement de motiver les utilisateurs r\u00e9guliers. Les bonus permettent \u00e9galement de renforcer la fid\u00e9lit\u00e9 des joueurs existants. C&rsquo;est pourquoi de nouveaux bonus apparaissent r\u00e9guli\u00e8rement. Vous devez les rechercher dans la section \u00ab Promo \u00bb. Les conditions des bonus de d\u00e9p\u00f4t\u00a0disponibles apr\u00e8s l\u2019inscription\u00a0sont connues \u00e0 l&rsquo;avance. Cependant, seuls les utilisateurs enregistr\u00e9s peuvent compter sur des cadeaux.<\/p>\n<a href=\"https:\/\/linebetarab.net\/go\" class=\"bonus-btn\" rel=\"nofollow\">Obtenez un bonus<\/a><h2>Inscription pour obtenir Linebet code promo<\/h2>\n<p>Tout d&rsquo;abord, il est important de comprendre les conditions requises avant de cr\u00e9er un profil. Un joueur doit cr\u00e9er un compte pour la premi\u00e8re fois et \u00eatre majeur. Ce n&rsquo;est qu&rsquo;ensuite qu&rsquo;il peut s\u2019inscrire. Quatre m\u00e9thodes principales sont disponibles sur le site web ou l&rsquo;application. Il s&rsquo;agit de la m\u00e9thode par courrier, par t\u00e9l\u00e9phone, via les m\u00e9dias sociaux ou en un clic. Ensuite, vous devez encore fournir toutes les informations n\u00e9cessaires dans votre profil. Quant \u00e0 l&rsquo;\u00a0offre\u00a0de cadeaux, elle n&rsquo;intervient qu&rsquo;apr\u00e8s l&rsquo;enregistrement et la v\u00e9rification.<\/p>\n<p>Le cadeau de bienvenue est offert apr\u00e8s le premier d\u00e9p\u00f4t sur le compte. Il y a exactement deux bonus \u2014\u00a0sur les sports et sur le casino. Ils peuvent \u00eatre choisis imm\u00e9diatement apr\u00e8s l&rsquo;inscription ou avant d&rsquo;effectuer un d\u00e9p\u00f4t. Il n&rsquo;est pas n\u00e9cessaire d&rsquo;activer un code promo Linebet\u00a0unique. Les conditions du cadeau sportif sont les suivantes :<\/p>\n<ol>\n<li>Vous d\u00e9posez sur votre compte entre 2\u00a0et 200\u00a0USD et vous recevez 100 %.<\/li>\n<li>Vous devez tout miser dans des paris avec une mise totale de 5x.<\/li>\n<li>Vous devez ajouter trois \u00e9v\u00e9nements au ticket avec des cotes de 1,4, mais vous pouvez faire des paris plus longs.<\/li>\n<\/ol>\n<p>Le d\u00e9lai de mise de ce bonus de bienvenue Linebet\u00a0est de 30 jours exactement. Vous pouvez \u00e9galement opter pour le bonus des machines \u00e0 sous. Cependant, le r\u00e8glement interdit de prendre les deux cadeaux. En outre, il existe une r\u00e8gle qui vous oblige \u00e0 r\u00e9aliser un seul cadeau \u00e0 la fois. Si vous avez d\u00e9j\u00e0 pris Linebet code promo, ne prenez pas encore votre autre r\u00e9compense. Le premier cadeau du casino a des conditions uniques. Elles consistent en les points suivants :<\/p>\n<ol>\n<li>Tout d&rsquo;abord, vous devez approvisionner votre compte. Les conditions du bonus de d\u00e9p\u00f4t\u00a0vous obligent \u00e0 effectuer un d\u00e9p\u00f4t de 10 EUR\u00a0minimum. Au total, le cadeau se compose de quatre parties. Cependant, les d\u00e9p\u00f4ts suivants sont d\u00e9j\u00e0 effectu\u00e9s \u00e0 15 EUR.<\/li>\n<li>Il existe un montant maximum pour le cadeau. Dans ce bonus, si vous n&rsquo;activez pas Linebet code promo,\u00a0vous pouvez recevoir 1500\u00a0EUR\u00a0et 150 spins dans diff\u00e9rentes machines \u00e0 sous.<\/li>\n<li>Pour le 1er d\u00e9p\u00f4t, le joueur recevra un cadeau de 100 %\u00a0et 30 FS sur la machine \u00e0 sous Juicy Fruits 27 Ways. Le maximum qui vous sera donn\u00e9 est de plus 300 EUR.<\/li>\n<li>Pour le 2\u00e8me d\u00e9p\u00f4t, le solde re\u00e7oit 50 %\u00a0et 35 FS dans la machine \u00e0 sous Juicy Fruits 27 Ways. Le bonus maximum est limit\u00e9 \u00e0 350\u00a0EUR. Il est possible d&rsquo;essayer de s\u2019inscrire\u00a0et de d\u00e9poser plus que la limite, mais le cadeau ne sera pas plus important.<\/li>\n<li>Lors du 3\u00e8me d\u00e9p\u00f4t, le joueur re\u00e7oit un cadeau sous forme de 25 %\u00a0et 40 spins dans la machine Coco Tiki. La limite du cadeau est de 400\u00a0EUR. Il s&rsquo;agit d&rsquo;une continuation du bonus de d\u00e9part. Par cons\u00e9quent, vous n&rsquo;avez pas besoin de sp\u00e9cifier Linebet code promo\u00a0unique. Tout ce que vous avez \u00e0 faire est d&rsquo;effectuer un autre d\u00e9p\u00f4t jusqu&rsquo;\u00e0 la limite sp\u00e9cifi\u00e9e.<\/li>\n<li>Sur le 4\u00e8me d\u00e9p\u00f4t, le cadeau est \u00e9galement de 25 %. De plus, vous obtenez 45 FS dans la machine Coco Tiki. C&rsquo;est la derni\u00e8re offre Linebet\u00a0dans le cadre du bonus de bienvenue. Elle vous rapportera un maximum de 450\u00a0EUR.<\/li>\n<\/ol>\n<p>Les mises sont effectu\u00e9es en 7 jours pour chaque partie du cadeau. Vous pouvez utiliser des mises jusqu&rsquo;\u00e0 5 EUR\u00a0par tour. Apr\u00e8s avoir r\u00e9alis\u00e9 ce bonus, vous pouvez rechercher d&rsquo;autres Linebet code promo\u00a0et les r\u00e9aliser.<\/p>\n<p>Par exemple, dans la section \u00ab Promo \u00bb il y a diff\u00e9rents cadeaux pour le sport et le casino. Parmi les bonus garantis, il y a un cadeau pour l&rsquo;anniversaire de l&rsquo;utilisateur. Lorsque vous passez l&rsquo;inscription, vous recevrez un bonus sympa pour votre f\u00eate sp\u00e9ciale. Il s&rsquo;agit d&rsquo;un pari gratuit. Il est fourni directement dans le cabinet personnel. Apr\u00e8s avoir r\u00e9alis\u00e9 Linebet code promo, l&rsquo;argent peut \u00eatre retir\u00e9 sur votre compte. L&rsquo;op\u00e9ration ne prendra pas beaucoup de temps.<\/p>\n<a href=\"https:\/\/linebetarab.net\/go\" class=\"bonus-btn\" rel=\"nofollow\">Obtenez un bonus<\/a><h2>Objectifs de l&rsquo;utilisation de Linebet code promo<\/h2>\n<p>Il est important de ne pas manquer les promotions de l&rsquo;administration du site. Puisque c&rsquo;est le joueur lui-m\u00eame qui est int\u00e9ress\u00e9 par leur mise en place. En trouvant un nouveau bonus sur Linebet, l&rsquo;utilisateur b\u00e9n\u00e9ficie des avantages suivants :<\/p>\n<ol>\n<li>La possibilit\u00e9 de comprendre le fonctionnement des pronostics sportifs ou des machines \u00e0 sous standard. C&rsquo;est utile si vous \u00eates d\u00e9butant. Vous b\u00e9n\u00e9ficierez alors sans activation obligatoire Linebet code promo\u00a0d&rsquo;un premier bonus.<\/li>\n<li>L&rsquo;opportunit\u00e9 d&rsquo;augmenter votre banque en pla\u00e7ant des paris r\u00e9guliers. Dans ce cas, vous ne risquez rien.<\/li>\n<li>La possibilit\u00e9 de tester de nouvelles strat\u00e9gies de jeu avec l&rsquo;aide de cadeaux sans risquer vos fonds. Par exemple, sur Linebet, vous pouvez essayer un nouveau sport.<\/li>\n<\/ol>\n<p>Certains cadeaux ne n\u00e9cessitent pas de recharger votre compte. Cela signifie que la r\u00e9alisation du bonus vous permet de jouer m\u00eame avec un solde nul. Dans la section \u00ab Promo \u00bb, il y a souvent de tels Linebet code promo. Il est important de les trouver et de les utiliser.<\/p>\n<a href=\"https:\/\/linebetarab.net\/go\" class=\"bonus-btn\" rel=\"nofollow\">Obtenez un bonus<\/a><h2>Recherche de Linebet code promo\u00a0par les joueurs r\u00e9guliers<\/h2>\n<p>Apr\u00e8s avoir r\u00e9alis\u00e9 le premier cadeau, il y a quelques choses \u00e0 faire. Il s&rsquo;agit de s&rsquo;inscrire \u00e0 tous les r\u00e9seaux sociaux et \u00e0 la liste de diffusion du site web \u2014\u00a0des cadeaux Linebet\u00a0y sont souvent offerts. Il est \u00e9galement important de v\u00e9rifier r\u00e9guli\u00e8rement votre profil. Il est \u00e9galement utile de consulter la section \u00ab Promo \u00bb pour les mises \u00e0 jour.<\/p>\n<p>Le site dispose d&rsquo;un programme de fid\u00e9lit\u00e9. Il consiste \u00e0 prendre en compte tous les paris qui ont \u00e9t\u00e9 plac\u00e9s. Un certain nombre de points pour ces paris peuvent \u00eatre \u00e9chang\u00e9s contre des Linebet code promo. Cela se fait dans la boutique des codes promo. L\u00e0 aussi, le choix est libre, car les bonus sont pr\u00e9vus pour diff\u00e9rents sports et diff\u00e9rents jeux de casino.<\/p>\n<p>Parmi les choses utiles \u00e0 noter, il y a aussi les cashbacks. Ils prennent en compte vos paris de la semaine enti\u00e8re et, un jour donn\u00e9, ils vous remboursent 0,3 %. Vous n&rsquo;avez pas besoin d&rsquo;activer un code sur Linebet\u00a0pour cela. Le montant maximum est de 1000 USD.<\/p>\n<p>Pour rester au courant des cadeaux actuels, il est utile d&rsquo;installer l&rsquo;application de la marque sur votre t\u00e9l\u00e9phone. Elle est disponible pour iOS et Android. Avec leur aide, vous ne manquerez pas plus d&rsquo;un nouveau Linebet code promo. Cela vous permettra de b\u00e9n\u00e9ficier d&rsquo;un maximum de gains.<\/p>\n<a href=\"https:\/\/linebetarab.net\/go\" class=\"bonus-btn\" rel=\"nofollow\">Obtenez un bonus<\/a>","protected":false},"excerpt":{"rendered":"<p>Sur les sites qui proposent de participer \u00e0 des pr\u00e9dictions sportives ou de jouer aux machines \u00e0 sous, il y a trois fa\u00e7ons d&rsquo;augmenter votre solde. C&rsquo;est de recharger votre compte avec la m\u00e9thode de votre choix. C&rsquo;est gagner une pr\u00e9diction ou un jeu en ligne. Et c&rsquo;est r\u00e9aliser un cadeau, comme un bonus de [&hellip;]<\/p>\n","protected":false},"author":1,"featured_media":110,"parent":0,"menu_order":0,"comment_status":"closed","ping_status":"closed","template":"","meta":{"footnotes":""},"class_list":["post-80","page","type-page","status-publish","has-post-thumbnail","hentry"],"yoast_head":"<!-- This site is optimized with the Yoast SEO plugin v24.5 - https:\/\/yoast.com\/wordpress\/plugins\/seo\/ -->\n<title>Linebet code promo \u1409 Linebet bonus valable aujourd&#039;hui<\/title>\n<meta name=\"description\" content=\"Linebet bonus \u2714\ufe0f Linebet code promo \u2b50\ufe0f Meilleur bookmaker en ligne\" \/>\n<meta name=\"robots\" content=\"index, follow, max-snippet:-1, max-image-preview:large, max-video-preview:-1\" \/>\n<link rel=\"canonical\" href=\"https:\/\/linebetarab.net\/fr\/promo\/\" \/>\n<meta property=\"og:locale\" content=\"fr_FR\" \/>\n<meta property=\"og:type\" content=\"article\" \/>\n<meta property=\"og:title\" content=\"Linebet code promo \u1409 Linebet bonus valable aujourd&#039;hui\" \/>\n<meta property=\"og:description\" content=\"Linebet bonus \u2714\ufe0f Linebet code promo \u2b50\ufe0f Meilleur bookmaker en ligne\" \/>\n<meta property=\"og:url\" content=\"https:\/\/linebetarab.net\/fr\/promo\/\" \/>\n<meta property=\"og:site_name\" content=\"linebetarab.net\" \/>\n<meta property=\"article:modified_time\" content=\"2025-03-05T13:14:16+00:00\" \/>\n<meta property=\"og:image\" content=\"https:\/\/linebetarab.net\/wp-content\/uploads\/2025\/02\/169.jpg\" \/>\n\t<meta property=\"og:image:width\" content=\"1366\" \/>\n\t<meta property=\"og:image:height\" content=\"777\" \/>\n\t<meta property=\"og:image:type\" content=\"image\/jpeg\" \/>\n<meta name=\"twitter:card\" content=\"summary_large_image\" \/>\n<meta name=\"twitter:label1\" content=\"Dur\u00e9e de lecture estim\u00e9e\" \/>\n\t<meta name=\"twitter:data1\" content=\"6 minutes\" \/>\n<script type=\"application\/ld+json\" class=\"yoast-schema-graph\">{\"@context\":\"https:\/\/schema.org\",\"@graph\":[{\"@type\":\"WebPage\",\"@id\":\"https:\/\/linebetarab.net\/fr\/promo\/\",\"url\":\"https:\/\/linebetarab.net\/fr\/promo\/\",\"name\":\"Linebet code promo \u1409 Linebet bonus valable aujourd'hui\",\"isPartOf\":{\"@id\":\"https:\/\/linebetarab.net\/fr\/#website\"},\"primaryImageOfPage\":{\"@id\":\"https:\/\/linebetarab.net\/fr\/promo\/#primaryimage\"},\"image\":{\"@id\":\"https:\/\/linebetarab.net\/fr\/promo\/#primaryimage\"},\"thumbnailUrl\":\"https:\/\/linebetarab.net\/wp-content\/uploads\/2025\/02\/169.jpg\",\"datePublished\":\"2025-02-25T18:23:17+00:00\",\"dateModified\":\"2025-03-05T13:14:16+00:00\",\"description\":\"Linebet bonus \u2714\ufe0f Linebet code promo \u2b50\ufe0f Meilleur bookmaker en ligne\",\"breadcrumb\":{\"@id\":\"https:\/\/linebetarab.net\/fr\/promo\/#breadcrumb\"},\"inLanguage\":\"fr-FR\",\"potentialAction\":[{\"@type\":\"ReadAction\",\"target\":[\"https:\/\/linebetarab.net\/fr\/promo\/\"]}]},{\"@type\":\"ImageObject\",\"inLanguage\":\"fr-FR\",\"@id\":\"https:\/\/linebetarab.net\/fr\/promo\/#primaryimage\",\"url\":\"https:\/\/linebetarab.net\/wp-content\/uploads\/2025\/02\/169.jpg\",\"contentUrl\":\"https:\/\/linebetarab.net\/wp-content\/uploads\/2025\/02\/169.jpg\",\"width\":1366,\"height\":777},{\"@type\":\"BreadcrumbList\",\"@id\":\"https:\/\/linebetarab.net\/fr\/promo\/#breadcrumb\",\"itemListElement\":[{\"@type\":\"ListItem\",\"position\":1,\"name\":\"Home\",\"item\":\"https:\/\/linebetarab.net\/fr\/\"},{\"@type\":\"ListItem\",\"position\":2,\"name\":\"Premier cadeau et autres bonus via le code promo Linebet\"}]},{\"@type\":\"WebSite\",\"@id\":\"https:\/\/linebetarab.net\/fr\/#website\",\"url\":\"https:\/\/linebetarab.net\/fr\/\",\"name\":\"linebetarab.net\",\"description\":\"\",\"inLanguage\":\"fr-FR\"}]}<\/script>\n<!-- \/ Yoast SEO plugin. -->","yoast_head_json":{"title":"Linebet code promo \u1409 Linebet bonus valable aujourd'hui","description":"Linebet bonus \u2714\ufe0f Linebet code promo \u2b50\ufe0f Meilleur bookmaker en ligne","robots":{"index":"index","follow":"follow","max-snippet":"max-snippet:-1","max-image-preview":"max-image-preview:large","max-video-preview":"max-video-preview:-1"},"canonical":"https:\/\/linebetarab.net\/fr\/promo\/","og_locale":"fr_FR","og_type":"article","og_title":"Linebet code promo \u1409 Linebet bonus valable aujourd'hui","og_description":"Linebet bonus \u2714\ufe0f Linebet code promo \u2b50\ufe0f Meilleur bookmaker en ligne","og_url":"https:\/\/linebetarab.net\/fr\/promo\/","og_site_name":"linebetarab.net","article_modified_time":"2025-03-05T13:14:16+00:00","og_image":[{"width":1366,"height":777,"url":"https:\/\/linebetarab.net\/wp-content\/uploads\/2025\/02\/169.jpg","type":"image\/jpeg"}],"twitter_card":"summary_large_image","twitter_misc":{"Dur\u00e9e de lecture estim\u00e9e":"6 minutes"},"schema":{"@context":"https:\/\/schema.org","@graph":[{"@type":"WebPage","@id":"https:\/\/linebetarab.net\/fr\/promo\/","url":"https:\/\/linebetarab.net\/fr\/promo\/","name":"Linebet code promo \u1409 Linebet bonus valable aujourd'hui","isPartOf":{"@id":"https:\/\/linebetarab.net\/fr\/#website"},"primaryImageOfPage":{"@id":"https:\/\/linebetarab.net\/fr\/promo\/#primaryimage"},"image":{"@id":"https:\/\/linebetarab.net\/fr\/promo\/#primaryimage"},"thumbnailUrl":"https:\/\/linebetarab.net\/wp-content\/uploads\/2025\/02\/169.jpg","datePublished":"2025-02-25T18:23:17+00:00","dateModified":"2025-03-05T13:14:16+00:00","description":"Linebet bonus \u2714\ufe0f Linebet code promo \u2b50\ufe0f Meilleur bookmaker en ligne","breadcrumb":{"@id":"https:\/\/linebetarab.net\/fr\/promo\/#breadcrumb"},"inLanguage":"fr-FR","potentialAction":[{"@type":"ReadAction","target":["https:\/\/linebetarab.net\/fr\/promo\/"]}]},{"@type":"ImageObject","inLanguage":"fr-FR","@id":"https:\/\/linebetarab.net\/fr\/promo\/#primaryimage","url":"https:\/\/linebetarab.net\/wp-content\/uploads\/2025\/02\/169.jpg","contentUrl":"https:\/\/linebetarab.net\/wp-content\/uploads\/2025\/02\/169.jpg","width":1366,"height":777},{"@type":"BreadcrumbList","@id":"https:\/\/linebetarab.net\/fr\/promo\/#breadcrumb","itemListElement":[{"@type":"ListItem","position":1,"name":"Home","item":"https:\/\/linebetarab.net\/fr\/"},{"@type":"ListItem","position":2,"name":"Premier cadeau et autres bonus via le code promo Linebet"}]},{"@type":"WebSite","@id":"https:\/\/linebetarab.net\/fr\/#website","url":"https:\/\/linebetarab.net\/fr\/","name":"linebetarab.net","description":"","inLanguage":"fr-FR"}]}},"_links":{"self":[{"href":"https:\/\/linebetarab.net\/fr\/wp-json\/wp\/v2\/pages\/80","targetHints":{"allow":["GET"]}}],"collection":[{"href":"https:\/\/linebetarab.net\/fr\/wp-json\/wp\/v2\/pages"}],"about":[{"href":"https:\/\/linebetarab.net\/fr\/wp-json\/wp\/v2\/types\/page"}],"author":[{"embeddable":true,"href":"https:\/\/linebetarab.net\/fr\/wp-json\/wp\/v2\/users\/1"}],"replies":[{"embeddable":true,"href":"https:\/\/linebetarab.net\/fr\/wp-json\/wp\/v2\/comments?post=80"}],"version-history":[{"count":6,"href":"https:\/\/linebetarab.net\/fr\/wp-json\/wp\/v2\/pages\/80\/revisions"}],"predecessor-version":[{"id":171,"href":"https:\/\/linebetarab.net\/fr\/wp-json\/wp\/v2\/pages\/80\/revisions\/171"}],"wp:featuredmedia":[{"embeddable":true,"href":"https:\/\/linebetarab.net\/fr\/wp-json\/wp\/v2\/media\/110"}],"wp:attachment":[{"href":"https:\/\/linebetarab.net\/fr\/wp-json\/wp\/v2\/media?parent=80"}],"curies":[{"name":"wp","href":"https:\/\/api.w.org\/{rel}","templated":true}]}}