{"id":86,"date":"2025-02-25T18:23:48","date_gmt":"2025-02-25T18:23:48","guid":{"rendered":"https:\/\/linebetarab.net\/registration-2\/"},"modified":"2025-03-05T13:13:25","modified_gmt":"2025-03-05T13:13:25","slug":"registration","status":"publish","type":"page","link":"https:\/\/linebetarab.net\/fr\/registration\/","title":{"rendered":"Inscription Linebet et choix de la m\u00e9thode de cr\u00e9ation de profil"},"content":{"rendered":"<p>Aujourd&rsquo;hui, les plateformes en ligne o\u00f9 l&rsquo;on peut l\u00e9galement faire des paris sportifs ou des paris sur des casinos ne manquent pas. Les amateurs de jeux d&rsquo;argent ont la possibilit\u00e9 de pratiquer leur hobby en toute l\u00e9galit\u00e9. Cependant, seuls les propri\u00e9taires de comptes v\u00e9rifi\u00e9s peuvent effectuer Linebet login. Et il n&rsquo;y a que des utilisateurs adultes.<\/p>\n<p>Sans inscription, vous ne pouvez que vous familiariser avec ce que le site offre exactement. Nous parlons de la liste des tournois sportifs, des caract\u00e9ristiques des lignes, de la vari\u00e9t\u00e9 des jeux et de leurs caract\u00e9ristiques dans le casino. Sans profil sur Linebet en ligne, vous pouvez \u00e9galement consulter les termes et conditions des promotions\u00a0\u2014 \u00e0 la fois pour le casino et les sports. Il est \u00e9galement possible de modifier les param\u00e8tres du site \u00e0 l&rsquo;avance. Par exemple, vous pouvez changer la langue. En outre, on peut d\u00e9finir le format optimal pour l&rsquo;affichage des cotes. Une fois que vous avez effectu\u00e9 Linebet login, tous ces param\u00e8tres continueront \u00e0 \u00eatre sauvegard\u00e9s.<\/p>\n<p>Il est agr\u00e9able que les joueurs aient la possibilit\u00e9 d&rsquo;installer l&rsquo;application sur un smartphone. Le programme lui-m\u00eame est enti\u00e8rement gratuit. La fonctionnalit\u00e9 compl\u00e8te du site y est mise en place. Il est possible \u00e9galement de s\u2019inscrire sur Linebet. Le profil personnel offre les possibilit\u00e9s suivantes :<\/p>\n<ol>\n<li>Libert\u00e9 totale de parier sur les sports ou les casinos.<\/li>\n<li>Acc\u00e8s aux promotions de l&rsquo;administration, possibilit\u00e9 de retirer l&rsquo;argent gagn\u00e9.<\/li>\n<li>Mise \u00e0 disposition de tous les outils financiers pour travailler avec le solde.<\/li>\n<li>Apr\u00e8s avoir effectu\u00e9 Linebet login, il est \u00e9galement possible de discuter avec l&rsquo;\u00e9quipe d&rsquo;assistance des questions pertinentes.<\/li>\n<\/ol>\n<p>Si les conditions du site sont satisfaisantes, vous devez commencer la proc\u00e9dure de cr\u00e9ation d&rsquo;un profil en choisissant la m\u00e9thode appropri\u00e9e.<\/p>\n<a href=\"https:\/\/linebetarab.net\/go\" class=\"bonus-btn\" rel=\"nofollow\">Obtenez un bonus<\/a><h2>Conditions d&rsquo;inscription \u00e0 Linebet<\/h2>\n<p>Le site comporte certaines restrictions pour les nouveaux arrivants. En effet, Linebet inscription\u00a0n&rsquo;est pas possible si le joueur est mineur ou s&rsquo;il est citoyen d&rsquo;un pays dans lequel la plateforme n&rsquo;est pas officiellement repr\u00e9sent\u00e9e. De plus, vous ne pouvez pas enregistrer un nouveau profil sous le m\u00eame nom, \u00e0 condition\u00a0que vous ayez d\u00e9j\u00e0 un profil pr\u00e9alablement cr\u00e9\u00e9 et v\u00e9rifi\u00e9 \u00e0 votre nom. Si ces conditions ne posent aucun probl\u00e8me, vous pouvez choisir les m\u00e9thodes de cr\u00e9ation de compte suivantes :<\/p>\n<ol>\n<li>Inscription par courrier, o\u00f9 vous devez choisir un pays, une devise et un mot de passe. Il n&rsquo;est pas n\u00e9cessaire de saisir un code promo.<\/li>\n<li>Inscription en ligne\u00a0par t\u00e9l\u00e9phone. L&rsquo;avantage est que, dans ce cas, la r\u00e9gion est d\u00e9termin\u00e9e automatiquement. Il suffit de choisir la devise et d&rsquo;envoyer le code du message.<\/li>\n<li>Cr\u00e9ez un profil \u00e0 partir de votre compte dans un r\u00e9seau social populaire. Les donn\u00e9es de connexion sont transf\u00e9r\u00e9es de ce r\u00e9seau au profil, apr\u00e8s quoi Linebet inscription\u00a0est r\u00e9ussie. Il vous suffit de s\u00e9lectionner la r\u00e9gion et la devise.<\/li>\n<\/ol>\n<p>L&rsquo;inscription rapide vous oblige \u00e0 choisir uniquement le pays et la devise. Cependant, vous devrez toujours remplir des formulaires suppl\u00e9mentaires dans votre profil, confirmer votre adresse e-mail et votre num\u00e9ro de t\u00e9l\u00e9phone. La fonctionnalit\u00e9 compl\u00e8te de Linebet n&rsquo;est possible qu&rsquo;apr\u00e8s la v\u00e9rification et le premier d\u00e9p\u00f4t \u00e0 partir de votre instrument de paiement.<\/p>\n<a href=\"https:\/\/linebetarab.net\/go\" class=\"bonus-btn\" rel=\"nofollow\">Obtenez un bonus<\/a><h2>Options pour effectuer Linebet connexion<\/h2>\n<p>Vous pouvez profiter de toutes les fonctionnalit\u00e9s du site \u00e0 partir de votre PC, de votre ordinateur portable, de votre tablette ou de votre smartphone. Les m\u00eames fonctionnalit\u00e9s sont conserv\u00e9es\u00a0partout, y compris la liste des sports disponibles ou les conditions du bonus de bienvenue. Chaque option a ses propres avantages. Il est important de consid\u00e9rer quels appareils sont les plus pratiques \u00e0 utiliser et o\u00f9 exactement, vous\u00a0voulez profiter de vos jeux :<\/p>\n<ol>\n<li>Un ordinateur personnel est dot\u00e9 d&rsquo;un grand \u00e9cran. En effectuant Linebet login, vous pouvez facilement ouvrir la liste des \u00e9v\u00e9nements et des cotes ou ouvrir plusieurs pages en m\u00eame temps.<\/li>\n<li>Un ordinateur portable vous permet de l&#8217;emporter avec vous. L\u00e0 aussi, vous pouvez lancer en toute s\u00e9curit\u00e9 les machines \u00e0 sous ou le casino en direct.<\/li>\n<li>Une tablette peut reprendre la fonction d&rsquo;un ordinateur portable, mais il s&rsquo;agit d&rsquo;un gadget encore plus l\u00e9ger et plus compact. Une application de marque peut y \u00eatre install\u00e9e gr\u00e2ce au link Linebet\u00a0qui a fait ses preuves.<\/li>\n<li>Des applications uniques sont \u00e9galement disponibles pour les smartphones. C&rsquo;est le moyen le plus pratique de rester toujours au courant et d&rsquo;avoir des paris.<\/li>\n<\/ol>\n<p>Il est possible d&rsquo;effectuer Linebet login\u00a0simultan\u00e9e sur diff\u00e9rents appareils. Vous pouvez \u00e9galement utiliser le r\u00e9seau Internet mobile lorsque vous travaillez avec l&rsquo;application. Il est seulement important de clarifier la disponibilit\u00e9 du trafic. Les diffusions en direct d\u2019\u00e9v\u00e9nements sportifs n\u00e9cessitent r\u00e9ellement une vitesse \u00e9lev\u00e9e.<\/p>\n<a href=\"https:\/\/linebetarab.net\/go\" class=\"bonus-btn\" rel=\"nofollow\">Obtenez un bonus<\/a><h2>R\u00e8gles de jeu en toute s\u00e9curit\u00e9 apr\u00e8s Linebet login<\/h2>\n<p>Lorsque l&rsquo;on joue pour de l&rsquo;argent, il est important d&rsquo;\u00eatre prudent. Avant de s\u2019inscrire sur Linebet, il est important de comprendre les principes des paris sportifs et du casino en ligne. Le site a des r\u00e8gles sur la fa\u00e7on dont les cotes sont form\u00e9es, les termes et les conditions de paiement des paris \u2014\u00a0il est important de les lire. Les machines \u00e0 sous et les autres jeux ont leurs propres conditions. Il s&rsquo;agit du pourcentage de paiement, de la volatilit\u00e9. En acceptant le bonus de bienvenue\u00a0(qui est de 100 % jusqu&rsquo;\u00e0 200 EUR),\u00a0vous devez \u00e9galement comprendre qu&rsquo;il y a des limites \u00e0 ce niveau.<\/p>\n<p>Il est important de prot\u00e9ger votre ordinateur ou votre smartphone. Par exemple, vous ne devez pas en donner l&rsquo;acc\u00e8s \u00e0 des inconnus. Ou si d&rsquo;autres personnes utilisent votre appareil, il est pr\u00e9f\u00e9rable de vous d\u00e9connecter de votre compte Linebet. Il est \u00e9galement important de v\u00e9rifier les r\u00e9seaux auxquels vous vous connectez. Les r\u00e9seaux internet ouverts peuvent \u00eatre vuln\u00e9rables aux attaques de pirates. L&rsquo;option la plus fiable est Linebet connexion\u00a0via votre r\u00e9seau domestique. Les applications mobiles ne doivent \u00eatre recherch\u00e9es que sur le site officiel du bookmaker. Ce n&rsquo;est que l\u00e0 que se trouvent les liens v\u00e9rifi\u00e9s vers les derni\u00e8res versions des programmes. Il n&rsquo;est pas n\u00e9cessaire d&rsquo;aller sur des liens tiers. Contrairement au link Linebet, vous pouvez y trouver un fichier infect\u00e9 par un virus.<\/p>\n<p>Chaque utilisateur doit comprendre les r\u00e8gles d&rsquo;un pari s\u00fbr. Il s&rsquo;agit de ne pas jouer avec le dernier argent ou l&rsquo;argent d&rsquo;autrui. Il est \u00e9galement utile de r\u00e9aliser que les paris ne sont jamais une garantie de gain. En faisant Linebet login, vous ne pouvez pas transformer ce divertissement en un moyen de gains garantis. L&rsquo;efficacit\u00e9 des pronostics sportifs ne peut \u00eatre am\u00e9lior\u00e9e que par une pr\u00e9paration pr\u00e9alable. Vous devez donc commencer par lire les statistiques avant le match. Vous devriez \u00e9galement d\u00e9couvrir les derni\u00e8res nouvelles sportives, puis effectuer Linebet login\u00a0et faire une pr\u00e9diction. Il n&rsquo;est pas possible d&rsquo;augmenter la fr\u00e9quence des gains dans les machines \u00e0 sous. En effet, l&rsquo;algorithme qui d\u00e9termine les combinaisons gagnantes est un g\u00e9n\u00e9rateur de nombres al\u00e9atoires. Par cons\u00e9quent, chaque tour suivant ne d\u00e9pend pas du tour pr\u00e9c\u00e9dent.<\/p>\n<p>Si vous vous rendez compte qu&rsquo;il y a une certaine d\u00e9pendance, il est important de faire des pauses entre Linebet login en ligne. Vous pouvez \u00e9galement faire tourner p\u00e9riodiquement les machines en mode d\u00e9mo gratuit.<\/p>\n<a href=\"https:\/\/linebetarab.net\/go\" class=\"bonus-btn\" rel=\"nofollow\">Obtenez un bonus<\/a>","protected":false},"excerpt":{"rendered":"<p>Aujourd&rsquo;hui, les plateformes en ligne o\u00f9 l&rsquo;on peut l\u00e9galement faire des paris sportifs ou des paris sur des casinos ne manquent pas. Les amateurs de jeux d&rsquo;argent ont la possibilit\u00e9 de pratiquer leur hobby en toute l\u00e9galit\u00e9. Cependant, seuls les propri\u00e9taires de comptes v\u00e9rifi\u00e9s peuvent effectuer Linebet login. Et il n&rsquo;y a que des utilisateurs [&hellip;]<\/p>\n","protected":false},"author":1,"featured_media":108,"parent":0,"menu_order":0,"comment_status":"closed","ping_status":"closed","template":"","meta":{"footnotes":""},"class_list":["post-86","page","type-page","status-publish","has-post-thumbnail","hentry"],"yoast_head":"<!-- This site is optimized with the Yoast SEO plugin v24.5 - https:\/\/yoast.com\/wordpress\/plugins\/seo\/ -->\n<title>Inscription sur Linebet \u1409 Linebet login \u1409 Cr\u00e9er un compte sur Linebet<\/title>\n<meta name=\"description\" content=\"Linebet bookmaker en ligne \u2714\ufe0f Inscription au site officiel de Linebet \u2b50\ufe0f Bonus d&#039;inscription\" \/>\n<meta name=\"robots\" content=\"index, follow, max-snippet:-1, max-image-preview:large, max-video-preview:-1\" \/>\n<link rel=\"canonical\" href=\"https:\/\/linebetarab.net\/fr\/registration\/\" \/>\n<meta property=\"og:locale\" content=\"fr_FR\" \/>\n<meta property=\"og:type\" content=\"article\" \/>\n<meta property=\"og:title\" content=\"Inscription sur Linebet \u1409 Linebet login \u1409 Cr\u00e9er un compte sur Linebet\" \/>\n<meta property=\"og:description\" content=\"Linebet bookmaker en ligne \u2714\ufe0f Inscription au site officiel de Linebet \u2b50\ufe0f Bonus d&#039;inscription\" \/>\n<meta property=\"og:url\" content=\"https:\/\/linebetarab.net\/fr\/registration\/\" \/>\n<meta property=\"og:site_name\" content=\"linebetarab.net\" \/>\n<meta property=\"article:modified_time\" content=\"2025-03-05T13:13:25+00:00\" \/>\n<meta property=\"og:image\" content=\"https:\/\/linebetarab.net\/wp-content\/uploads\/2025\/02\/159.jpg\" \/>\n\t<meta property=\"og:image:width\" content=\"1366\" \/>\n\t<meta property=\"og:image:height\" content=\"839\" \/>\n\t<meta property=\"og:image:type\" content=\"image\/jpeg\" \/>\n<meta name=\"twitter:card\" content=\"summary_large_image\" \/>\n<meta name=\"twitter:label1\" content=\"Dur\u00e9e de lecture estim\u00e9e\" \/>\n\t<meta name=\"twitter:data1\" content=\"6 minutes\" \/>\n<script type=\"application\/ld+json\" class=\"yoast-schema-graph\">{\"@context\":\"https:\/\/schema.org\",\"@graph\":[{\"@type\":\"WebPage\",\"@id\":\"https:\/\/linebetarab.net\/fr\/registration\/\",\"url\":\"https:\/\/linebetarab.net\/fr\/registration\/\",\"name\":\"Inscription sur Linebet \u1409 Linebet login \u1409 Cr\u00e9er un compte sur Linebet\",\"isPartOf\":{\"@id\":\"https:\/\/linebetarab.net\/fr\/#website\"},\"primaryImageOfPage\":{\"@id\":\"https:\/\/linebetarab.net\/fr\/registration\/#primaryimage\"},\"image\":{\"@id\":\"https:\/\/linebetarab.net\/fr\/registration\/#primaryimage\"},\"thumbnailUrl\":\"https:\/\/linebetarab.net\/wp-content\/uploads\/2025\/02\/159.jpg\",\"datePublished\":\"2025-02-25T18:23:48+00:00\",\"dateModified\":\"2025-03-05T13:13:25+00:00\",\"description\":\"Linebet bookmaker en ligne \u2714\ufe0f Inscription au site officiel de Linebet \u2b50\ufe0f Bonus d'inscription\",\"breadcrumb\":{\"@id\":\"https:\/\/linebetarab.net\/fr\/registration\/#breadcrumb\"},\"inLanguage\":\"fr-FR\",\"potentialAction\":[{\"@type\":\"ReadAction\",\"target\":[\"https:\/\/linebetarab.net\/fr\/registration\/\"]}]},{\"@type\":\"ImageObject\",\"inLanguage\":\"fr-FR\",\"@id\":\"https:\/\/linebetarab.net\/fr\/registration\/#primaryimage\",\"url\":\"https:\/\/linebetarab.net\/wp-content\/uploads\/2025\/02\/159.jpg\",\"contentUrl\":\"https:\/\/linebetarab.net\/wp-content\/uploads\/2025\/02\/159.jpg\",\"width\":1366,\"height\":839},{\"@type\":\"BreadcrumbList\",\"@id\":\"https:\/\/linebetarab.net\/fr\/registration\/#breadcrumb\",\"itemListElement\":[{\"@type\":\"ListItem\",\"position\":1,\"name\":\"Home\",\"item\":\"https:\/\/linebetarab.net\/fr\/\"},{\"@type\":\"ListItem\",\"position\":2,\"name\":\"Inscription Linebet et choix de la m\u00e9thode de cr\u00e9ation de profil\"}]},{\"@type\":\"WebSite\",\"@id\":\"https:\/\/linebetarab.net\/fr\/#website\",\"url\":\"https:\/\/linebetarab.net\/fr\/\",\"name\":\"linebetarab.net\",\"description\":\"\",\"inLanguage\":\"fr-FR\"}]}<\/script>\n<!-- \/ Yoast SEO plugin. -->","yoast_head_json":{"title":"Inscription sur Linebet \u1409 Linebet login \u1409 Cr\u00e9er un compte sur Linebet","description":"Linebet bookmaker en ligne \u2714\ufe0f Inscription au site officiel de Linebet \u2b50\ufe0f Bonus d'inscription","robots":{"index":"index","follow":"follow","max-snippet":"max-snippet:-1","max-image-preview":"max-image-preview:large","max-video-preview":"max-video-preview:-1"},"canonical":"https:\/\/linebetarab.net\/fr\/registration\/","og_locale":"fr_FR","og_type":"article","og_title":"Inscription sur Linebet \u1409 Linebet login \u1409 Cr\u00e9er un compte sur Linebet","og_description":"Linebet bookmaker en ligne \u2714\ufe0f Inscription au site officiel de Linebet \u2b50\ufe0f Bonus d'inscription","og_url":"https:\/\/linebetarab.net\/fr\/registration\/","og_site_name":"linebetarab.net","article_modified_time":"2025-03-05T13:13:25+00:00","og_image":[{"width":1366,"height":839,"url":"https:\/\/linebetarab.net\/wp-content\/uploads\/2025\/02\/159.jpg","type":"image\/jpeg"}],"twitter_card":"summary_large_image","twitter_misc":{"Dur\u00e9e de lecture estim\u00e9e":"6 minutes"},"schema":{"@context":"https:\/\/schema.org","@graph":[{"@type":"WebPage","@id":"https:\/\/linebetarab.net\/fr\/registration\/","url":"https:\/\/linebetarab.net\/fr\/registration\/","name":"Inscription sur Linebet \u1409 Linebet login \u1409 Cr\u00e9er un compte sur Linebet","isPartOf":{"@id":"https:\/\/linebetarab.net\/fr\/#website"},"primaryImageOfPage":{"@id":"https:\/\/linebetarab.net\/fr\/registration\/#primaryimage"},"image":{"@id":"https:\/\/linebetarab.net\/fr\/registration\/#primaryimage"},"thumbnailUrl":"https:\/\/linebetarab.net\/wp-content\/uploads\/2025\/02\/159.jpg","datePublished":"2025-02-25T18:23:48+00:00","dateModified":"2025-03-05T13:13:25+00:00","description":"Linebet bookmaker en ligne \u2714\ufe0f Inscription au site officiel de Linebet \u2b50\ufe0f Bonus d'inscription","breadcrumb":{"@id":"https:\/\/linebetarab.net\/fr\/registration\/#breadcrumb"},"inLanguage":"fr-FR","potentialAction":[{"@type":"ReadAction","target":["https:\/\/linebetarab.net\/fr\/registration\/"]}]},{"@type":"ImageObject","inLanguage":"fr-FR","@id":"https:\/\/linebetarab.net\/fr\/registration\/#primaryimage","url":"https:\/\/linebetarab.net\/wp-content\/uploads\/2025\/02\/159.jpg","contentUrl":"https:\/\/linebetarab.net\/wp-content\/uploads\/2025\/02\/159.jpg","width":1366,"height":839},{"@type":"BreadcrumbList","@id":"https:\/\/linebetarab.net\/fr\/registration\/#breadcrumb","itemListElement":[{"@type":"ListItem","position":1,"name":"Home","item":"https:\/\/linebetarab.net\/fr\/"},{"@type":"ListItem","position":2,"name":"Inscription Linebet et choix de la m\u00e9thode de cr\u00e9ation de profil"}]},{"@type":"WebSite","@id":"https:\/\/linebetarab.net\/fr\/#website","url":"https:\/\/linebetarab.net\/fr\/","name":"linebetarab.net","description":"","inLanguage":"fr-FR"}]}},"_links":{"self":[{"href":"https:\/\/linebetarab.net\/fr\/wp-json\/wp\/v2\/pages\/86","targetHints":{"allow":["GET"]}}],"collection":[{"href":"https:\/\/linebetarab.net\/fr\/wp-json\/wp\/v2\/pages"}],"about":[{"href":"https:\/\/linebetarab.net\/fr\/wp-json\/wp\/v2\/types\/page"}],"author":[{"embeddable":true,"href":"https:\/\/linebetarab.net\/fr\/wp-json\/wp\/v2\/users\/1"}],"replies":[{"embeddable":true,"href":"https:\/\/linebetarab.net\/fr\/wp-json\/wp\/v2\/comments?post=86"}],"version-history":[{"count":6,"href":"https:\/\/linebetarab.net\/fr\/wp-json\/wp\/v2\/pages\/86\/revisions"}],"predecessor-version":[{"id":170,"href":"https:\/\/linebetarab.net\/fr\/wp-json\/wp\/v2\/pages\/86\/revisions\/170"}],"wp:featuredmedia":[{"embeddable":true,"href":"https:\/\/linebetarab.net\/fr\/wp-json\/wp\/v2\/media\/108"}],"wp:attachment":[{"href":"https:\/\/linebetarab.net\/fr\/wp-json\/wp\/v2\/media?parent=86"}],"curies":[{"name":"wp","href":"https:\/\/api.w.org\/{rel}","templated":true}]}}